{"id":2860,"date":"2025-11-26T09:02:14","date_gmt":"2025-11-26T12:02:14","guid":{"rendered":"https:\/\/www.bscquimicos.com.br\/?page_id=2860"},"modified":"2025-12-03T15:37:41","modified_gmt":"2025-12-03T18:37:41","slug":"grupo-bsc-2","status":"publish","type":"page","link":"https:\/\/www.bscquimicos.com.br\/es\/grupo-bsc-2\/","title":{"rendered":"ESG"},"content":{"rendered":"<p>[et_pb_section fb_built=\u00bb1&#8243; _builder_version=\u00bb4.25.2&#8243; _module_preset=\u00bbd826c7a9-ad8d-4e94-84aa-dda11041267b\u00bb background_color_gradient_stops=\u00bbrgba(0,125,78,0.4) 0%|rgba(0,181,120,0.2) 99%\u00bb background_image=\u00bbhttps:\/\/www.bscquimicos.com.br\/wp-content\/uploads\/2025\/11\/esg-bg-2.jpg\u00bb bottom_divider_color=\u00bb#eaf6f1&#8243; global_colors_info=\u00bb{}\u00bb][et_pb_row _builder_version=\u00bb4.23.4&#8243; _module_preset=\u00bb8d8a22ad-2fe4-48b0-a190-f4fac3ddd318&#8243; global_colors_info=\u00bb{}\u00bb][et_pb_column type=\u00bb4_4&#8243; _builder_version=\u00bb4.23.4&#8243; _module_preset=\u00bbdefault\u00bb global_colors_info=\u00bb{}\u00bb][et_pb_text _builder_version=\u00bb4.25.2&#8243; _module_preset=\u00bb1bdba648-da51-4adc-93c5-32fb5a7e4354&#8243; global_colors_info=\u00bb{}\u00bb]<\/p>\n<h1>ESG<\/h1>\n<p>[\/et_pb_text][\/et_pb_column][\/et_pb_row][\/et_pb_section][et_pb_section fb_built=\u00bb1&#8243; next_background_color=\u00bb#ffffff\u00bb _builder_version=\u00bb4.25.2&#8243; _module_preset=\u00bbdefault\u00bb background_color=\u00bb#eaf6f1&#8243; custom_margin=\u00bb||||false|false\u00bb custom_padding=\u00bb0px||50px||false|false\u00bb bottom_divider_style=\u00bbcurve\u00bb bottom_divider_height=\u00bb50px\u00bb bottom_divider_flip=\u00bbvertical\u00bb bottom_divider_height_tablet=\u00bb80px\u00bb bottom_divider_height_phone=\u00bb40px\u00bb bottom_divider_height_last_edited=\u00bbon|phone\u00bb locked=\u00bboff\u00bb global_colors_info=\u00bb{}\u00bb][et_pb_row make_equal=\u00bbon\u00bb module_class=\u00bborder_row\u00bb _builder_version=\u00bb4.25.2&#8243; _module_preset=\u00bbdefault\u00bb z_index=\u00bb50&#8243; max_width=\u00bb960px\u00bb locked=\u00bboff\u00bb global_colors_info=\u00bb{}\u00bb][et_pb_column type=\u00bb4_4&#8243; module_class=\u00bborder2&#8243; _builder_version=\u00bb4.25.2&#8243; _module_preset=\u00bbdefault\u00bb z_index=\u00bb5&#8243; global_colors_info=\u00bb{}\u00bb][et_pb_text _builder_version=\u00bb4.25.2&#8243; _module_preset=\u00bbdefault\u00bb text_font_size=\u00bb16px\u00bb text_line_height=\u00bb1.4em\u00bb header_2_font=\u00bb|700|||||||\u00bb header_2_line_height=\u00bb1.1em\u00bb text_orientation=\u00bbcenter\u00bb locked=\u00bboff\u00bb global_colors_info=\u00bb{}\u00bb]<\/p>\n<h2>Compromiso con una actuaci\u00f3n responsable <br \/>y orientada hacia un futuro mejor<\/h2>\n<p>[\/et_pb_text][et_pb_text _builder_version=\u00bb4.25.2&#8243; _module_preset=\u00bbdefault\u00bb text_font_size=\u00bb16px\u00bb text_line_height=\u00bb1.4em\u00bb text_orientation=\u00bbcenter\u00bb locked=\u00bboff\u00bb global_colors_info=\u00bb{}\u00bb]<\/p>\n<p>BSC Especialidades Qu\u00edmicas integra pr\u00e1cticas ESG como parte esencial de su estrategia corporativa. Actuando en el sector qu\u00edmico y atendiendo a empresas de todo Brasil, buscamos fortalecer nuestra responsabilidad ambiental, social y de gobernanza, contribuyendo a un desarrollo industrial m\u00e1s seguro, \u00e9tico y sostenible. Nuestro objetivo es generar valor para clientes, colaboradores, socios y la sociedad, reforzando la credibilidad que hemos conquistado a lo largo de nuestra trayectoria.<\/p>\n<p>[\/et_pb_text][\/et_pb_column][\/et_pb_row][\/et_pb_section][et_pb_section fb_built=\u00bb1&#8243; _builder_version=\u00bb4.23.4&#8243; _module_preset=\u00bbdefault\u00bb custom_padding=\u00bb0px||27px||false|false\u00bb global_colors_info=\u00bb{}\u00bb][et_pb_row make_equal=\u00bbon\u00bb module_class=\u00bborder_row\u00bb _builder_version=\u00bb4.25.2&#8243; _module_preset=\u00bbdefault\u00bb z_index=\u00bb50&#8243; max_width=\u00bb960px\u00bb custom_padding=\u00bb4px|||||\u00bb locked=\u00bboff\u00bb global_colors_info=\u00bb{}\u00bb][et_pb_column type=\u00bb4_4&#8243; module_class=\u00bborder2&#8243; _builder_version=\u00bb4.25.2&#8243; _module_preset=\u00bbdefault\u00bb z_index=\u00bb5&#8243; global_colors_info=\u00bb{}\u00bb][et_pb_text _builder_version=\u00bb4.25.2&#8243; _module_preset=\u00bbdefault\u00bb text_font_size=\u00bb16px\u00bb text_line_height=\u00bb1.4em\u00bb header_2_font=\u00bb|700|||||||\u00bb text_orientation=\u00bbcenter\u00bb locked=\u00bboff\u00bb global_colors_info=\u00bb{}\u00bb]<\/p>\n<h2>\u00bfQu\u00e9 significa ESG?<\/h2>\n<p>[\/et_pb_text][et_pb_text _builder_version=\u00bb4.25.2&#8243; _module_preset=\u00bbdefault\u00bb text_font_size=\u00bb16px\u00bb text_line_height=\u00bb1.4em\u00bb text_orientation=\u00bbcenter\u00bb locked=\u00bboff\u00bb global_colors_info=\u00bb{}\u00bb]<\/p>\n<p>ESG es la sigla de Environmental, Social and Governance \u2014 en espa\u00f1ol, Ambiental, Social y Gobernanza.<br \/>Representa un conjunto de pr\u00e1cticas que orienta a las empresas a actuar de manera sostenible, responsable y transparente. Para BSC Especialidades Qu\u00edmicas, ESG no es solo un concepto, sino un orientador estrat\u00e9gico que gu\u00eda decisiones, inversiones y relaciones.<\/p>\n<p>[\/et_pb_text][\/et_pb_column][\/et_pb_row][et_pb_row column_structure=\u00bb1_3,1_3,1_3&#8243; custom_padding_last_edited=\u00bboff|desktop\u00bb _builder_version=\u00bb4.25.2&#8243; _module_preset=\u00bbdefault\u00bb max_width=\u00bb1120px\u00bb global_colors_info=\u00bb{}\u00bb][et_pb_column type=\u00bb1_3&#8243; _builder_version=\u00bb4.25.2&#8243; _module_preset=\u00bbdefault\u00bb global_colors_info=\u00bb{}\u00bb][et_pb_blurb title=\u00bbE &#8211; Ambiental\u00bb image=\u00bbhttps:\/\/www.bscquimicos.com.br\/wp-content\/uploads\/2025\/11\/environment-100.png\u00bb icon_alignment=\u00bbleft\u00bb _builder_version=\u00bb4.25.2&#8243; _module_preset=\u00bbdefault\u00bb header_level=\u00bbh2&#8243; header_font=\u00bb|700|||||||\u00bb header_text_color=\u00bb#007d4e\u00bb body_font_size=\u00bb16px\u00bb body_line_height=\u00bb1.4em\u00bb animation=\u00bboff\u00bb global_colors_info=\u00bb{}\u00bb]<\/p>\n<p><strong>(Environmental)<\/strong><br \/>Se refiere a acciones destinadas a reducir los impactos ambientales y promover un uso m\u00e1s eficiente de los recursos naturales. Entre las iniciativas se incluyen el uso consciente de energ\u00eda y agua, reducci\u00f3n de residuos, control de emisiones, prevenci\u00f3n de la contaminaci\u00f3n y pol\u00edticas estructuradas de sostenibilidad.<\/p>\n<p>[\/et_pb_blurb][\/et_pb_column][et_pb_column type=\u00bb1_3&#8243; _builder_version=\u00bb4.25.2&#8243; _module_preset=\u00bbdefault\u00bb global_colors_info=\u00bb{}\u00bb][et_pb_blurb title=\u00bbS &#8211; Social\u00bb image=\u00bbhttps:\/\/www.bscquimicos.com.br\/wp-content\/uploads\/2025\/11\/social-96.png\u00bb icon_alignment=\u00bbleft\u00bb _builder_version=\u00bb4.25.2&#8243; _module_preset=\u00bbdefault\u00bb header_level=\u00bbh2&#8243; header_font=\u00bb|700|||||||\u00bb header_text_color=\u00bb#007d4e\u00bb body_font_size=\u00bb16px\u00bb body_line_height=\u00bb1.4em\u00bb animation=\u00bboff\u00bb global_colors_info=\u00bb{}\u00bb]<\/p>\n<p><strong>(Social)<\/strong><br \/>Implica el compromiso de la empresa con las personas, los equipos y las comunidades. Incluye la promoci\u00f3n de la salud y seguridad en el trabajo, programas de capacitaci\u00f3n y bienestar, diversidad e inclusi\u00f3n, relaciones \u00e9ticas con clientes y proveedores y apoyo a iniciativas sociales que contribuyen al desarrollo local.<\/p>\n<p>[\/et_pb_blurb][\/et_pb_column][et_pb_column type=\u00bb1_3&#8243; _builder_version=\u00bb4.25.2&#8243; _module_preset=\u00bbdefault\u00bb global_colors_info=\u00bb{}\u00bb][et_pb_blurb title=\u00bbG \u2013 Gobernanza\u00bb image=\u00bbhttps:\/\/www.bscquimicos.com.br\/wp-content\/uploads\/2025\/11\/balance-100.png\u00bb icon_alignment=\u00bbleft\u00bb _builder_version=\u00bb4.25.2&#8243; _module_preset=\u00bbdefault\u00bb header_level=\u00bbh2&#8243; header_font=\u00bb|700|||||||\u00bb header_text_color=\u00bb#007d4e\u00bb body_font_size=\u00bb16px\u00bb body_line_height=\u00bb1.4em\u00bb animation=\u00bboff\u00bb global_colors_info=\u00bb{}\u00bb]<\/p>\n<p><strong>(Governance)<\/strong><br \/>Se refiere a pr\u00e1cticas de gesti\u00f3n \u00e9tica, transparente y responsable. Abarca pol\u00edticas de cumplimiento, auditor\u00edas, combate a la corrupci\u00f3n, gesti\u00f3n de riesgos, liderazgo comprometido y procesos estructurados que garantizan integridad y una gobernanza corporativa eficaz.<\/p>\n<p>[\/et_pb_blurb][\/et_pb_column][\/et_pb_row][et_pb_row _builder_version=\u00bb4.25.2&#8243; _module_preset=\u00bbdefault\u00bb max_width=\u00bb690px\u00bb custom_padding=\u00bb30px||||false|false\u00bb hover_enabled=\u00bb0&#8243; border_width_top=\u00bb2px\u00bb border_color_top=\u00bbrgba(0,125,78,0.3)\u00bb global_colors_info=\u00bb{}\u00bb sticky_enabled=\u00bb0&#8243;][et_pb_column type=\u00bb4_4&#8243; _builder_version=\u00bb4.23.4&#8243; _module_preset=\u00bbdefault\u00bb global_colors_info=\u00bb{}\u00bb][et_pb_text _builder_version=\u00bb4.25.2&#8243; _module_preset=\u00bbdefault\u00bb text_font_size=\u00bb16px\u00bb text_line_height=\u00bb1.4em\u00bb header_2_font=\u00bb|700|||||||\u00bb hover_enabled=\u00bb0&#8243; global_colors_info=\u00bb{}\u00bb text_orientation=\u00bbcenter\u00bb sticky_enabled=\u00bb0&#8243;]<\/p>\n<h2>Nuestros compromisos ESG<\/h2>\n<p>En BSC Especialidades Qu\u00edmicas, mantenemos un compromiso continuo con la evoluci\u00f3n de nuestras pr\u00e1cticas ambientales, sociales y de gobernanza. Trabajamos para mejorar el uso eficiente de los recursos, fortalecer ambientes de trabajo seguros e inclusivos y asegurar la transparencia en todos los procesos corporativos. Nuestra actuaci\u00f3n est\u00e1 guiada por la \u00e9tica, la responsabilidad y la innovaci\u00f3n, garantizando que cada etapa de la cadena de valor refleje los principios ESG que orientan nuestro crecimiento sostenible.<\/p>\n<p>[\/et_pb_text][\/et_pb_column][\/et_pb_row][et_pb_row _builder_version=\u00bb4.25.2&#8243; _module_preset=\u00bbdefault\u00bb global_colors_info=\u00bb{}\u00bb][et_pb_column type=\u00bb4_4&#8243; _builder_version=\u00bb4.25.2&#8243; _module_preset=\u00bbdefault\u00bb global_colors_info=\u00bb{}\u00bb][et_pb_button button_url=\u00bbhttps:\/\/www.bscquimicos.com.br\/es\/grupo-bsc\/\u00bb button_text=\u00bbConozca el Grupo BSC\u00bb button_alignment=\u00bbcenter\u00bb _builder_version=\u00bb4.25.2&#8243; _module_preset=\u00bbdefault\u00bb custom_button=\u00bbon\u00bb button_text_size=\u00bb20px\u00bb button_text_color=\u00bb#FFFFFF\u00bb button_bg_color=\u00bbrgba(0,125,78,0.8)\u00bb button_border_width=\u00bb4px\u00bb button_border_radius=\u00bb0px\u00bb button_font=\u00bb|700||on|||||\u00bb button_icon=\u00bb&#x39;||divi||400&#8243; button_on_hover=\u00bboff\u00bb custom_padding=\u00bb10px||10px||true|false\u00bb custom_css_main_element=\u00bbborder-radius:20px 0 20px 0!important;||text-align:center;\u00bb box_shadow_style=\u00bbpreset1&#8243; locked=\u00bboff\u00bb global_colors_info=\u00bb{}\u00bb button_bg_color__hover_enabled=\u00bbon|hover\u00bb button_bg_color__hover=\u00bb#007d4e\u00bb button_bg_enable_color__hover=\u00bbon\u00bb][\/et_pb_button][\/et_pb_column][\/et_pb_row][\/et_pb_section]<\/p>\n","protected":false},"excerpt":{"rendered":"<p>ESGCompromiso con una actuaci\u00f3n responsable y orientada hacia un futuro mejorBSC Especialidades Qu\u00edmicas integra pr\u00e1cticas ESG como parte esencial de su estrategia corporativa. Actuando en el sector qu\u00edmico y atendiendo a empresas de todo Brasil, buscamos fortalecer nuestra responsabilidad ambiental, social y de gobernanza, contribuyendo a un desarrollo industrial m\u00e1s seguro, \u00e9tico y sostenible. Nuestro [&hellip;]<\/p>\n","protected":false},"author":1,"featured_media":0,"parent":0,"menu_order":0,"comment_status":"closed","ping_status":"closed","template":"","meta":{"_et_pb_use_builder":"on","_et_pb_old_content":"","_et_gb_content_width":"","footnotes":""},"_links":{"self":[{"href":"https:\/\/www.bscquimicos.com.br\/es\/wp-json\/wp\/v2\/pages\/2860"}],"collection":[{"href":"https:\/\/www.bscquimicos.com.br\/es\/wp-json\/wp\/v2\/pages"}],"about":[{"href":"https:\/\/www.bscquimicos.com.br\/es\/wp-json\/wp\/v2\/types\/page"}],"author":[{"embeddable":true,"href":"https:\/\/www.bscquimicos.com.br\/es\/wp-json\/wp\/v2\/users\/1"}],"replies":[{"embeddable":true,"href":"https:\/\/www.bscquimicos.com.br\/es\/wp-json\/wp\/v2\/comments?post=2860"}],"version-history":[{"count":8,"href":"https:\/\/www.bscquimicos.com.br\/es\/wp-json\/wp\/v2\/pages\/2860\/revisions"}],"predecessor-version":[{"id":2909,"href":"https:\/\/www.bscquimicos.com.br\/es\/wp-json\/wp\/v2\/pages\/2860\/revisions\/2909"}],"wp:attachment":[{"href":"https:\/\/www.bscquimicos.com.br\/es\/wp-json\/wp\/v2\/media?parent=2860"}],"curies":[{"name":"wp","href":"https:\/\/api.w.org\/{rel}","templated":true}]}}